{"id":42,"date":"2013-10-01T16:54:19","date_gmt":"2013-10-01T16:54:19","guid":{"rendered":"http:\/\/www.luchiari.com.br\/blog-paraquedismo\/?page_id=42"},"modified":"2016-02-01T10:59:51","modified_gmt":"2016-02-01T12:59:51","slug":"videos","status":"publish","type":"page","link":"https:\/\/www.luchiari.com.br\/blog-paraquedismo\/videos\/","title":{"rendered":"V\u00eddeos"},"content":{"rendered":"<p><strong>Surpresaaa !!!<\/strong><\/p>\n<p>Neste v\u00eddeo Isac Sousa surpreende sua noiva Ana Claudia Leite no dia do casamento, sua ent\u00e3o esposa e convidados melhor dizendo, este v\u00eddeo rolou no tel\u00e3o durante a festa de casamento do casal em Americana.SP em 24 de agosto de 2013, foi gravado uma semana antes juntos dos amigos e paraquedistas Alessandro e Raphael Luchiari \\o\/<\/p>\n<p><iframe loading=\"lazy\" src=\"\/\/player.vimeo.com\/video\/73510140\" height=\"281\" width=\"500\" allowfullscreen=\"\" frameborder=\"0\"><\/iframe><\/p>\n<p>&#8212;&#8212;&#8212;&#8212;&#8212;&#8212;&#8212;&#8212;&#8212;&#8212;&#8212;&#8212;&#8212;&#8212;&#8212;&#8212;&#8212;&#8212;&#8212;&#8212;&#8212;<\/p>\n<p>Fly Free \\o\/<\/p>\n<p><iframe loading=\"lazy\" src=\"https:\/\/www.youtube.com\/embed\/pfGzwXOm8Ck\" height=\"315\" width=\"560\" allowfullscreen=\"\" frameborder=\"0\"><\/iframe><\/p>\n<p>&#8212;&#8212;&#8212;&#8212;&#8212;&#8212;&#8212;&#8212;&#8212;&#8212;&#8212;&#8212;&#8212;&#8212;&#8212;&#8212;&#8212;&#8212;&#8212;&#8212;&#8212;<\/p>\n<p>Skydiving !!!<\/p>\n<p><iframe loading=\"lazy\" src=\"\/\/player.vimeo.com\/video\/96571020?title=0&amp;byline=0&amp;portrait=0\" height=\"281\" width=\"500\" allowfullscreen=\"\" frameborder=\"0\"><\/iframe><\/p>\n<p>&#8212;&#8212;&#8212;&#8212;&#8212;&#8212;&#8212;&#8212;&#8212;&#8212;&#8212;&#8212;&#8212;&#8212;&#8212;&#8212;&#8212;&#8212;&#8212;&#8212;&#8212;<\/p>\n<p>Experience Human Flight<\/p>\n<p><iframe loading=\"lazy\" src=\"\/\/player.vimeo.com\/video\/22428395\" height=\"281\" width=\"500\" allowfullscreen=\"\" frameborder=\"0\"><\/iframe><\/p>\n<p>&#8212;&#8212;&#8212;&#8212;&#8212;&#8212;&#8212;&#8212;&#8212;&#8212;&#8212;&#8212;&#8212;&#8212;&#8212;&#8212;&#8212;&#8212;&#8212;&#8212;&#8212;<\/p>\n<p>Turbolenza SoulFlyers Fred&amp;Vince &#8211; Yes, Les Chefs!<\/p>\n<p><iframe loading=\"lazy\" src=\"https:\/\/player.vimeo.com\/video\/24459309\" height=\"281\" width=\"500\" allowfullscreen=\"\" frameborder=\"0\"><\/iframe><\/p>\n<p>&nbsp;<\/p>\n<p>&#8212;&#8212;&#8212;&#8212;&#8212;&#8212;&#8212;&#8212;&#8212;&#8212;&#8212;&#8212;&#8212;&#8212;&#8212;&#8212;&#8212;&#8212;&#8212;&#8212;&#8212;<\/p>\n<p>Touch the sky<\/p>\n<p><iframe loading=\"lazy\" width=\"420\" height=\"315\" src=\"https:\/\/www.youtube.com\/embed\/HT-1KCwvlFg\" frameborder=\"0\" allowfullscreen><\/iframe><\/p>\n","protected":false},"excerpt":{"rendered":"<p>Surpresaaa !!! Neste v\u00eddeo Isac Sousa surpreende sua noiva Ana Claudia Leite no dia do casamento, sua ent\u00e3o esposa e convidados melhor dizendo, este v\u00eddeo rolou no tel\u00e3o durante a festa de casamento do casal em Americana.SP em 24 de &hellip; <a href=\"https:\/\/www.luchiari.com.br\/blog-paraquedismo\/videos\/\">Continue lendo <span class=\"meta-nav\">&rarr;<\/span><\/a><\/p>\n","protected":false},"author":1,"featured_media":0,"parent":0,"menu_order":0,"comment_status":"open","ping_status":"open","template":"","meta":{"footnotes":""},"class_list":["post-42","page","type-page","status-publish","hentry"],"_links":{"self":[{"href":"https:\/\/www.luchiari.com.br\/blog-paraquedismo\/wp-json\/wp\/v2\/pages\/42"}],"collection":[{"href":"https:\/\/www.luchiari.com.br\/blog-paraquedismo\/wp-json\/wp\/v2\/pages"}],"about":[{"href":"https:\/\/www.luchiari.com.br\/blog-paraquedismo\/wp-json\/wp\/v2\/types\/page"}],"author":[{"embeddable":true,"href":"https:\/\/www.luchiari.com.br\/blog-paraquedismo\/wp-json\/wp\/v2\/users\/1"}],"replies":[{"embeddable":true,"href":"https:\/\/www.luchiari.com.br\/blog-paraquedismo\/wp-json\/wp\/v2\/comments?post=42"}],"version-history":[{"count":37,"href":"https:\/\/www.luchiari.com.br\/blog-paraquedismo\/wp-json\/wp\/v2\/pages\/42\/revisions"}],"predecessor-version":[{"id":1538,"href":"https:\/\/www.luchiari.com.br\/blog-paraquedismo\/wp-json\/wp\/v2\/pages\/42\/revisions\/1538"}],"wp:attachment":[{"href":"https:\/\/www.luchiari.com.br\/blog-paraquedismo\/wp-json\/wp\/v2\/media?parent=42"}],"curies":[{"name":"wp","href":"https:\/\/api.w.org\/{rel}","templated":true}]}}